{"id":1087,"date":"2015-02-02T19:39:53","date_gmt":"2015-02-02T19:39:53","guid":{"rendered":"http:\/\/agtintandgo.be\/tinten-van-autoruiten\/"},"modified":"2018-08-04T09:11:39","modified_gmt":"2018-08-04T09:11:39","slug":"teinter-les-vitres-des-voitures","status":"publish","type":"page","link":"https:\/\/agtintandgo.be\/fr\/teinter-les-vitres-des-voitures\/","title":{"rendered":"Teinter les vitres des voitures"},"content":{"rendered":"<p><div class=\"fusion-fullwidth fullwidth-box fusion-builder-row-1 hundred-percent-fullwidth non-hundred-percent-height-scrolling fusion-equal-height-columns\" style=\"--awb-border-radius-top-left:0px;--awb-border-radius-top-right:0px;--awb-border-radius-bottom-right:0px;--awb-border-radius-bottom-left:0px;--awb-padding-top:0px;--awb-padding-right:0px;--awb-padding-bottom:0px;--awb-padding-left:0px;--awb-margin-top:0px;--awb-margin-bottom:0px;\" ><div class=\"fusion-builder-row fusion-row\"><div class=\"fusion-layout-column fusion_builder_column fusion-builder-column-0 fusion_builder_column_1_2 1_2 fusion-one-half fusion-column-first\" style=\"--awb-bg-image:url(&#039;http:\/\/agtintandgo.be\/wp-content\/uploads\/2015\/02\/IMG_2465-1024x1024.jpg&#039;);--awb-bg-size:cover;--awb-margin-bottom:0px;width:50%;width:calc(50% - ( ( 0 ) * 0.5 ) );margin-right: 0px;\"><div class=\"fusion-column-wrapper fusion-flex-column-wrapper-legacy fusion-empty-column-bg-image\" data-bg-url=\"http:\/\/agtintandgo.be\/wp-content\/uploads\/2015\/02\/IMG_2465-1024x1024.jpg\"><img class=\"fusion-empty-dims-img-placeholder fusion-no-large-visibility\" src=\"data:image\/gif;base64,R0lGODlhAQABAAAAACH5BAEKAAEALAAAAAABAAEAAAICTAEAOw==\"><div class=\"fusion-clearfix\"><\/div><\/div><\/div><div class=\"fusion-layout-column fusion_builder_column fusion-builder-column-1 fusion_builder_column_1_2 1_2 fusion-one-half fusion-column-last\" style=\"--awb-padding-top:10%;--awb-padding-right:10%;--awb-padding-bottom:10%;--awb-padding-left:10%;--awb-bg-size:cover;--awb-margin-bottom:0px;width:50%;width:calc(50% - ( ( 0 ) * 0.5 ) );\"><div class=\"fusion-column-wrapper fusion-flex-column-wrapper-legacy\"><div class=\"fusion-title title fusion-title-1 fusion-title-center fusion-title-text fusion-title-size-three\"><div class=\"title-sep-container title-sep-container-left\"><div class=\"title-sep sep-single sep-solid\" style=\"border-color:#67b7e1;\"><\/div><\/div><span class=\"awb-title-spacer\"><\/span><h3 class=\"title-heading-center fusion-responsive-typography-calculated\" style=\"margin:0;--fontSize:36;line-height:1.33;\">AVANTAGES<\/h3><span class=\"awb-title-spacer\"><\/span><div class=\"title-sep-container title-sep-container-right\"><div class=\"title-sep sep-single sep-solid\" style=\"border-color:#67b7e1;\"><\/div><\/div><\/div><div class=\"fusion-text fusion-text-1\"><ul>\n<li>R\u00e9duction de la chaleur.<\/li>\n<li>Bloquage des rayons UV.<\/li>\n<li>R\u00e9duction de l\u2019\u00e9blouissement.<\/li>\n<li>\u00c9conomie d\u2019\u00e9nergie.<\/li>\n<li>S\u00e9curit\u00e9. (retarde l\u2019effraction)<\/li>\n<li>Am\u00e9lioration esth\u00e9tique.<\/li>\n<\/ul>\n<\/div><div class=\"fusion-clearfix\"><\/div><\/div><\/div><div class=\"fusion-layout-column fusion_builder_column fusion-builder-column-2 fusion_builder_column_1_2 1_2 fusion-one-half fusion-column-first\" style=\"--awb-padding-top:8%;--awb-padding-right:10%;--awb-padding-bottom:10%;--awb-padding-left:10%;--awb-bg-size:cover;width:50%;width:calc(50% - ( ( 0 ) * 0.5 ) );margin-right: 0px;\"><div class=\"fusion-column-wrapper fusion-flex-column-wrapper-legacy\"><div class=\"fusion-title title fusion-title-2 fusion-title-center fusion-title-text fusion-title-size-three\"><div class=\"title-sep-container title-sep-container-left\"><div class=\"title-sep sep-single sep-solid\" style=\"border-color:#67b7e1;\"><\/div><\/div><span class=\"awb-title-spacer\"><\/span><h3 class=\"title-heading-center fusion-responsive-typography-calculated\" style=\"margin:0;--fontSize:36;line-height:1.33;\">BON A SAVOIR<\/h3><span class=\"awb-title-spacer\"><\/span><div class=\"title-sep-container title-sep-container-right\"><div class=\"title-sep sep-single sep-solid\" style=\"border-color:#67b7e1;\"><\/div><\/div><\/div><div class=\"fusion-text fusion-text-2\"><h3><\/h3>\n<ul>\n<li>Teinter\/blinder les vitres des voitures se fait avec des \u00e9quipements professionnels de haute qualit\u00e9.<\/li>\n<li>Les vitres arrondies arri\u00e8re sont blind\u00e9es en une seule pi\u00e8ce.<\/li>\n<li>Le film est disponible en diff\u00e9rentes teintes. Cela permet de trouver la bonne teinte pour votre voiture.<\/li>\n<li>Nous donnons une garantie sur la d\u00e9coloration, le d\u00e9collement et les rayures caus\u00e9es en ouvrant et fermant les vitres lat\u00e9rales (sauf en cas de rayures self-made).<\/li>\n<li>Les fen\u00eatres du v\u00e9hicule doivent \u00eatre propres lors de la pr\u00e9sentation de la voiture.<\/li>\n<\/ul>\n<\/div><div class=\"fusion-clearfix\"><\/div><\/div><\/div><div class=\"fusion-layout-column fusion_builder_column fusion-builder-column-3 fusion_builder_column_1_2 1_2 fusion-one-half fusion-column-last\" style=\"--awb-bg-image:url(&#039;http:\/\/agtintandgo.be\/wp-content\/uploads\/2015\/02\/IMG_2593-1024x768.jpg&#039;);--awb-bg-size:cover;width:50%;width:calc(50% - ( ( 0 ) * 0.5 ) );\"><div class=\"fusion-column-wrapper fusion-flex-column-wrapper-legacy fusion-empty-column-bg-image\" data-bg-url=\"http:\/\/agtintandgo.be\/wp-content\/uploads\/2015\/02\/IMG_2593-1024x768.jpg\"><img class=\"fusion-empty-dims-img-placeholder fusion-no-large-visibility\" src=\"data:image\/gif;base64,R0lGODlhAQABAAAAACH5BAEKAAEALAAAAAABAAEAAAICTAEAOw==\"><div class=\"fusion-clearfix\"><\/div><\/div><\/div><\/div><\/div><div class=\"fusion-fullwidth fullwidth-box fusion-builder-row-2 nonhundred-percent-fullwidth non-hundred-percent-height-scrolling\" style=\"--awb-border-radius-top-left:0px;--awb-border-radius-top-right:0px;--awb-border-radius-bottom-right:0px;--awb-border-radius-bottom-left:0px;--awb-padding-top:20px;--awb-padding-bottom:20px;\" ><div class=\"fusion-builder-row fusion-row\"><div class=\"fusion-layout-column fusion_builder_column fusion-builder-column-4 fusion_builder_column_1_1 1_1 fusion-one-full fusion-column-first fusion-column-last\" style=\"--awb-bg-size:cover;\"><div class=\"fusion-column-wrapper fusion-flex-column-wrapper-legacy\"><div class=\"fusion-title title fusion-title-3 fusion-title-center fusion-title-text fusion-title-size-three\"><div class=\"title-sep-container title-sep-container-left\"><div class=\"title-sep sep-single sep-solid\" style=\"border-color:#67b7e1;\"><\/div><\/div><span class=\"awb-title-spacer\"><\/span><h3 class=\"title-heading-center fusion-responsive-typography-calculated\" style=\"margin:0;--fontSize:36;line-height:1.33;\">EXEMPLES<\/h3><span class=\"awb-title-spacer\"><\/span><div class=\"title-sep-container title-sep-container-right\"><div class=\"title-sep sep-single sep-solid\" style=\"border-color:#67b7e1;\"><\/div><\/div><\/div><div class=\"fusion-clearfix\"><\/div><\/div><\/div><div class=\"fusion-layout-column fusion_builder_column fusion-builder-column-5 fusion_builder_column_1_2 1_2 fusion-one-half fusion-column-first\" style=\"--awb-bg-size:cover;width:50%;width:calc(50% - ( ( 4% ) * 0.5 ) );margin-right: 4%;\"><div class=\"fusion-column-wrapper fusion-flex-column-wrapper-legacy\"><div class=\"fusion-image-element in-legacy-container\"><span class=\" fusion-imageframe imageframe-none imageframe-1 hover-type-zoomin\"><a href=\"http:\/\/agtintandgo.be\/wp-content\/uploads\/2015\/02\/IMG_1159-1024x768.jpg\" class=\"fusion-lightbox\" data-rel=\"iLightbox[auto]\" data-title=\"IMG_1159\" title=\"IMG_1159\"><img decoding=\"async\" width=\"1024\" height=\"768\" alt=\"Voor\" src=\"http:\/\/agtintandgo.be\/wp-content\/uploads\/2015\/02\/IMG_1159-1024x768.jpg\" class=\"img-responsive wp-image-1213\" srcset=\"https:\/\/agtintandgo.be\/wp-content\/uploads\/2015\/02\/IMG_1159-200x150.jpg 200w, https:\/\/agtintandgo.be\/wp-content\/uploads\/2015\/02\/IMG_1159-400x300.jpg 400w, https:\/\/agtintandgo.be\/wp-content\/uploads\/2015\/02\/IMG_1159-600x450.jpg 600w, https:\/\/agtintandgo.be\/wp-content\/uploads\/2015\/02\/IMG_1159-800x600.jpg 800w, https:\/\/agtintandgo.be\/wp-content\/uploads\/2015\/02\/IMG_1159.jpg 1200w\" sizes=\"(max-width: 1120px) 100vw, 600px\" \/><\/a><\/span><\/div><div class=\"fusion-clearfix\"><\/div><\/div><\/div><div class=\"fusion-layout-column fusion_builder_column fusion-builder-column-6 fusion_builder_column_1_2 1_2 fusion-one-half fusion-column-last\" style=\"--awb-bg-size:cover;width:50%;width:calc(50% - ( ( 4% ) * 0.5 ) );\"><div class=\"fusion-column-wrapper fusion-flex-column-wrapper-legacy\"><div class=\"fusion-image-element in-legacy-container\"><span class=\" fusion-imageframe imageframe-none imageframe-2 hover-type-zoomin\"><a href=\"http:\/\/agtintandgo.be\/wp-content\/uploads\/2015\/02\/IMG_1162-1024x768.jpg\" class=\"fusion-lightbox\" data-rel=\"iLightbox[auto]\" data-title=\"IMG_1162\" title=\"IMG_1162\"><img decoding=\"async\" width=\"1024\" height=\"768\" alt=\"Na\" src=\"http:\/\/agtintandgo.be\/wp-content\/uploads\/2015\/02\/IMG_1162-1024x768.jpg\" class=\"img-responsive wp-image-1214\" srcset=\"https:\/\/agtintandgo.be\/wp-content\/uploads\/2015\/02\/IMG_1162-200x150.jpg 200w, https:\/\/agtintandgo.be\/wp-content\/uploads\/2015\/02\/IMG_1162-400x300.jpg 400w, https:\/\/agtintandgo.be\/wp-content\/uploads\/2015\/02\/IMG_1162-600x450.jpg 600w, https:\/\/agtintandgo.be\/wp-content\/uploads\/2015\/02\/IMG_1162-800x600.jpg 800w, https:\/\/agtintandgo.be\/wp-content\/uploads\/2015\/02\/IMG_1162.jpg 1200w\" sizes=\"(max-width: 1120px) 100vw, 600px\" \/><\/a><\/span><\/div><div class=\"fusion-clearfix\"><\/div><\/div><\/div><div class=\"fusion-layout-column fusion_builder_column fusion-builder-column-7 fusion_builder_column_1_2 1_2 fusion-one-half fusion-column-first\" style=\"--awb-bg-size:cover;width:50%;width:calc(50% - ( ( 4% ) * 0.5 ) );margin-right: 4%;\"><div class=\"fusion-column-wrapper fusion-flex-column-wrapper-legacy\"><div class=\"fusion-image-element in-legacy-container\"><span class=\" fusion-imageframe imageframe-none imageframe-3 hover-type-zoomin\"><a href=\"http:\/\/agtintandgo.be\/wp-content\/uploads\/2015\/02\/IMG_2156-768x1024.jpg\" class=\"fusion-lightbox\" data-rel=\"iLightbox[auto]\" data-title=\"IMG_2156\" title=\"IMG_2156\"><img decoding=\"async\" width=\"768\" height=\"1024\" alt=\"Na\" src=\"http:\/\/agtintandgo.be\/wp-content\/uploads\/2015\/02\/IMG_2156-768x1024.jpg\" class=\"img-responsive wp-image-1215\" srcset=\"https:\/\/agtintandgo.be\/wp-content\/uploads\/2015\/02\/IMG_2156-200x267.jpg 200w, https:\/\/agtintandgo.be\/wp-content\/uploads\/2015\/02\/IMG_2156-400x533.jpg 400w, https:\/\/agtintandgo.be\/wp-content\/uploads\/2015\/02\/IMG_2156-600x800.jpg 600w, https:\/\/agtintandgo.be\/wp-content\/uploads\/2015\/02\/IMG_2156-800x1067.jpg 800w, https:\/\/agtintandgo.be\/wp-content\/uploads\/2015\/02\/IMG_2156.jpg 900w\" sizes=\"(max-width: 1120px) 100vw, 600px\" \/><\/a><\/span><\/div><div class=\"fusion-clearfix\"><\/div><\/div><\/div><div class=\"fusion-layout-column fusion_builder_column fusion-builder-column-8 fusion_builder_column_1_2 1_2 fusion-one-half fusion-column-last\" style=\"--awb-bg-size:cover;width:50%;width:calc(50% - ( ( 4% ) * 0.5 ) );\"><div class=\"fusion-column-wrapper fusion-flex-column-wrapper-legacy\"><div class=\"fusion-image-element in-legacy-container\"><span class=\" fusion-imageframe imageframe-none imageframe-4 hover-type-zoomin\"><a href=\"http:\/\/agtintandgo.be\/wp-content\/uploads\/2015\/02\/IMG_2163-2-1024x768.jpg\" class=\"fusion-lightbox\" data-rel=\"iLightbox[auto]\" data-title=\"IMG_2163\" title=\"IMG_2163\"><img decoding=\"async\" width=\"1024\" height=\"768\" alt=\"Na\" src=\"http:\/\/agtintandgo.be\/wp-content\/uploads\/2015\/02\/IMG_2163-2-1024x768.jpg\" class=\"img-responsive wp-image-1216\" srcset=\"https:\/\/agtintandgo.be\/wp-content\/uploads\/2015\/02\/IMG_2163-2-200x150.jpg 200w, https:\/\/agtintandgo.be\/wp-content\/uploads\/2015\/02\/IMG_2163-2-400x300.jpg 400w, https:\/\/agtintandgo.be\/wp-content\/uploads\/2015\/02\/IMG_2163-2-600x450.jpg 600w, https:\/\/agtintandgo.be\/wp-content\/uploads\/2015\/02\/IMG_2163-2-800x600.jpg 800w, https:\/\/agtintandgo.be\/wp-content\/uploads\/2015\/02\/IMG_2163-2.jpg 1200w\" sizes=\"(max-width: 1120px) 100vw, 600px\" \/><\/a><\/span><\/div><div class=\"fusion-clearfix\"><\/div><\/div><\/div><div class=\"fusion-layout-column fusion_builder_column fusion-builder-column-9 fusion_builder_column_1_2 1_2 fusion-one-half fusion-column-first\" style=\"--awb-bg-size:cover;width:50%;width:calc(50% - ( ( 4% ) * 0.5 ) );margin-right: 4%;\"><div class=\"fusion-column-wrapper fusion-flex-column-wrapper-legacy\"><div class=\"fusion-image-element in-legacy-container\"><span class=\" fusion-imageframe imageframe-none imageframe-5 hover-type-zoomin\"><a href=\"http:\/\/agtintandgo.be\/wp-content\/uploads\/2015\/02\/IMG_2328-1024x794.jpg\" class=\"fusion-lightbox\" data-rel=\"iLightbox[auto]\" data-title=\"IMG_2328\" title=\"IMG_2328\"><img decoding=\"async\" width=\"1024\" height=\"794\" alt=\"Na\" src=\"http:\/\/agtintandgo.be\/wp-content\/uploads\/2015\/02\/IMG_2328-1024x794.jpg\" class=\"img-responsive wp-image-1217\" srcset=\"https:\/\/agtintandgo.be\/wp-content\/uploads\/2015\/02\/IMG_2328-200x155.jpg 200w, https:\/\/agtintandgo.be\/wp-content\/uploads\/2015\/02\/IMG_2328-400x310.jpg 400w, https:\/\/agtintandgo.be\/wp-content\/uploads\/2015\/02\/IMG_2328-600x465.jpg 600w, https:\/\/agtintandgo.be\/wp-content\/uploads\/2015\/02\/IMG_2328-800x620.jpg 800w, https:\/\/agtintandgo.be\/wp-content\/uploads\/2015\/02\/IMG_2328.jpg 1200w\" sizes=\"(max-width: 1120px) 100vw, 600px\" \/><\/a><\/span><\/div><div class=\"fusion-clearfix\"><\/div><\/div><\/div><div class=\"fusion-layout-column fusion_builder_column fusion-builder-column-10 fusion_builder_column_1_2 1_2 fusion-one-half fusion-column-last\" style=\"--awb-bg-size:cover;width:50%;width:calc(50% - ( ( 4% ) * 0.5 ) );\"><div class=\"fusion-column-wrapper fusion-flex-column-wrapper-legacy\"><div class=\"fusion-image-element in-legacy-container\"><span class=\" fusion-imageframe imageframe-none imageframe-6 hover-type-zoomin\"><a href=\"http:\/\/agtintandgo.be\/wp-content\/uploads\/2015\/02\/IMG_2331-2-1024x729.jpg\" class=\"fusion-lightbox\" data-rel=\"iLightbox[auto]\" data-title=\"IMG_2331\" title=\"IMG_2331\"><img decoding=\"async\" width=\"1024\" height=\"729\" alt=\"Na\" src=\"http:\/\/agtintandgo.be\/wp-content\/uploads\/2015\/02\/IMG_2331-2-1024x729.jpg\" class=\"img-responsive wp-image-1218\" srcset=\"https:\/\/agtintandgo.be\/wp-content\/uploads\/2015\/02\/IMG_2331-2-200x142.jpg 200w, https:\/\/agtintandgo.be\/wp-content\/uploads\/2015\/02\/IMG_2331-2-400x285.jpg 400w, https:\/\/agtintandgo.be\/wp-content\/uploads\/2015\/02\/IMG_2331-2-600x427.jpg 600w, https:\/\/agtintandgo.be\/wp-content\/uploads\/2015\/02\/IMG_2331-2-800x569.jpg 800w, https:\/\/agtintandgo.be\/wp-content\/uploads\/2015\/02\/IMG_2331-2.jpg 1200w\" sizes=\"(max-width: 1120px) 100vw, 600px\" \/><\/a><\/span><\/div><div class=\"fusion-clearfix\"><\/div><\/div><\/div><\/div><\/div><\/p>\n","protected":false},"excerpt":{"rendered":"","protected":false},"author":1,"featured_media":0,"parent":0,"menu_order":0,"comment_status":"closed","ping_status":"open","template":"100-width.php","meta":[],"_links":{"self":[{"href":"https:\/\/agtintandgo.be\/fr\/wp-json\/wp\/v2\/pages\/1087"}],"collection":[{"href":"https:\/\/agtintandgo.be\/fr\/wp-json\/wp\/v2\/pages"}],"about":[{"href":"https:\/\/agtintandgo.be\/fr\/wp-json\/wp\/v2\/types\/page"}],"author":[{"embeddable":true,"href":"https:\/\/agtintandgo.be\/fr\/wp-json\/wp\/v2\/users\/1"}],"replies":[{"embeddable":true,"href":"https:\/\/agtintandgo.be\/fr\/wp-json\/wp\/v2\/comments?post=1087"}],"version-history":[{"count":5,"href":"https:\/\/agtintandgo.be\/fr\/wp-json\/wp\/v2\/pages\/1087\/revisions"}],"predecessor-version":[{"id":1150,"href":"https:\/\/agtintandgo.be\/fr\/wp-json\/wp\/v2\/pages\/1087\/revisions\/1150"}],"wp:attachment":[{"href":"https:\/\/agtintandgo.be\/fr\/wp-json\/wp\/v2\/media?parent=1087"}],"curies":[{"name":"wp","href":"https:\/\/api.w.org\/{rel}","templated":true}]}}